{"id":22,"date":"2017-08-22T23:18:23","date_gmt":"2017-08-22T20:18:23","guid":{"rendered":"http:\/\/rotasetrilhas.com\/newsite\/?page_id=22"},"modified":"2020-06-19T14:09:09","modified_gmt":"2020-06-19T11:09:09","slug":"sobre","status":"publish","type":"page","link":"https:\/\/rotasetrilhas.com\/newsite\/sobre\/","title":{"rendered":"Sobre"},"content":{"rendered":"<p><img loading=\"lazy\" decoding=\"async\" class=\"aligncenter wp-image-629 size-large\" src=\"http:\/\/rotasetrilhas.com\/newsite\/wp-content\/uploads\/2017\/08\/20247703_1723785130997216_2482016287624898805_o-e1524273550737-1024x255.jpg\" alt=\"\" width=\"750\" height=\"187\" srcset=\"https:\/\/rotasetrilhas.com\/newsite\/wp-content\/uploads\/2017\/08\/20247703_1723785130997216_2482016287624898805_o-e1524273550737-1024x255.jpg 1024w, https:\/\/rotasetrilhas.com\/newsite\/wp-content\/uploads\/2017\/08\/20247703_1723785130997216_2482016287624898805_o-e1524273550737-300x75.jpg 300w, https:\/\/rotasetrilhas.com\/newsite\/wp-content\/uploads\/2017\/08\/20247703_1723785130997216_2482016287624898805_o-e1524273550737-768x192.jpg 768w, https:\/\/rotasetrilhas.com\/newsite\/wp-content\/uploads\/2017\/08\/20247703_1723785130997216_2482016287624898805_o-e1524273550737.jpg 1243w\" sizes=\"auto, (max-width: 750px) 100vw, 750px\" \/><\/p>\n<p>A\u00a0<b>Rotas e Trilhas<\/b>\u00a0iniciou suas atividades em 2002 composta por 2 empreendedores ga\u00fachos que, preocupados com a preserva\u00e7\u00e3o ambiental e a explora\u00e7\u00e3o do turismo ecol\u00f3gico no estado, desenvolveram uma atividade de lazer que alia aventura e conv\u00edvio familiar em cen\u00e1rios de indescrit\u00edvel beleza natural.<\/p>\n<p>Luciano Duarte e Fabio Niemezewski ingressaram no mundo do fora de estrada participando de diversos eventos, cursos e competi\u00e7\u00f5es. A partir desta experi\u00eancia, formataram um novo conceito de passeio de aventura que propicia at\u00e9 mesmo aos iniciantes no mundo 4\u00d74 desfrutarem da adrenalina do fora de estrada sem comprometer a seguran\u00e7a ou o compartilhamento da aventura com toda a fam\u00edlia.<\/p>\n<p>Atualmente, a Rotas e Trilhas organiza cursos de Condu\u00e7\u00e3o Fora de Estrada, Primeiros Socorros e de Utiliza\u00e7\u00e3o de Sistema GPS, al\u00e9m de diversos passeios fora de estrada com cunho tur\u00edstico e aventureiro, e in\u00fameras expedi\u00e7\u00f5es nacionais e internacionais.<\/p>\n<p>Com isso, a Rotas e Trilhas pretende levar pessoas a conhecer um novo tipo de lazer ligado a natureza e a aventura, tudo com muita seguran\u00e7a, educa\u00e7\u00e3o ambiental e tranquilidade para a participa\u00e7\u00e3o da fam\u00edlia.<\/p>\n<p>A estrutura normalmente oferecida pela Rotas e Trilhas aos seus clientes \u00e9 outro diferencial. Em todos os passeios e trilhas ve\u00edculos 4\u00d74 fazem o apoio, s\u00e3o ve\u00edculos equipados com guincho, equipamentos de resgate e estojo de primeiros socorros que garantem a tranquilidade dos participantes. Al\u00e9m disso, equipamentos como GPS, m\u00e1quina fotogr\u00e1fica digital, r\u00e1dios de comunica\u00e7\u00e3o e cartas digitais e navega\u00e7\u00e3o on-line garantem um passeio tranquilo e com o suporte necess\u00e1rio caso seja enfrentada alguma dificuldade ou imprevisto.<\/p>\n<p>Com mais de 18 anos de experiencia e dedica\u00e7\u00e3o, \u00e9 uma das empresas mais antigas no segmento fora de estrada.<\/p>\n","protected":false},"excerpt":{"rendered":"<p>A\u00a0Rotas e Trilhas\u00a0iniciou suas atividades em 2002 composta por 2 empreendedores ga\u00fachos que, preocupados com a preserva\u00e7\u00e3o ambiental e a explora\u00e7\u00e3o do turismo ecol\u00f3gico no estado, desenvolveram uma atividade de lazer que alia aventura e conv\u00edvio familiar em cen\u00e1rios de indescrit\u00edvel beleza natural. Luciano Duarte e Fabio Niemezewski ingressaram no mundo do fora de estrada [&hellip;]<\/p>\n","protected":false},"author":1,"featured_media":629,"parent":0,"menu_order":0,"comment_status":"closed","ping_status":"closed","template":"","meta":{"footnotes":""},"class_list":["post-22","page","type-page","status-publish","has-post-thumbnail","hentry"],"_links":{"self":[{"href":"https:\/\/rotasetrilhas.com\/newsite\/wp-json\/wp\/v2\/pages\/22","targetHints":{"allow":["GET"]}}],"collection":[{"href":"https:\/\/rotasetrilhas.com\/newsite\/wp-json\/wp\/v2\/pages"}],"about":[{"href":"https:\/\/rotasetrilhas.com\/newsite\/wp-json\/wp\/v2\/types\/page"}],"author":[{"embeddable":true,"href":"https:\/\/rotasetrilhas.com\/newsite\/wp-json\/wp\/v2\/users\/1"}],"replies":[{"embeddable":true,"href":"https:\/\/rotasetrilhas.com\/newsite\/wp-json\/wp\/v2\/comments?post=22"}],"version-history":[{"count":8,"href":"https:\/\/rotasetrilhas.com\/newsite\/wp-json\/wp\/v2\/pages\/22\/revisions"}],"predecessor-version":[{"id":839,"href":"https:\/\/rotasetrilhas.com\/newsite\/wp-json\/wp\/v2\/pages\/22\/revisions\/839"}],"wp:featuredmedia":[{"embeddable":true,"href":"https:\/\/rotasetrilhas.com\/newsite\/wp-json\/wp\/v2\/media\/629"}],"wp:attachment":[{"href":"https:\/\/rotasetrilhas.com\/newsite\/wp-json\/wp\/v2\/media?parent=22"}],"curies":[{"name":"wp","href":"https:\/\/api.w.org\/{rel}","templated":true}]}}