{"id":26,"date":"2017-08-22T23:20:44","date_gmt":"2017-08-22T20:20:44","guid":{"rendered":"http:\/\/rotasetrilhas.com\/newsite\/?page_id=26"},"modified":"2024-04-28T21:52:18","modified_gmt":"2024-04-28T18:52:18","slug":"passeios-e-trilhas","status":"publish","type":"page","link":"https:\/\/rotasetrilhas.com\/newsite\/passeios-e-trilhas\/","title":{"rendered":"Rotas, Trilhas e Expedi\u00e7\u00f5es"},"content":{"rendered":"<p align=\"center\"><img loading=\"lazy\" decoding=\"async\" class=\"alignnone wp-image-598 size-large\" src=\"http:\/\/rotasetrilhas.com\/newsite\/wp-content\/uploads\/2017\/08\/passeios-e-trilhas-e1524278489660-1024x237.jpg\" alt=\"\" width=\"750\" height=\"174\" srcset=\"https:\/\/rotasetrilhas.com\/newsite\/wp-content\/uploads\/2017\/08\/passeios-e-trilhas-e1524278489660-1024x237.jpg 1024w, https:\/\/rotasetrilhas.com\/newsite\/wp-content\/uploads\/2017\/08\/passeios-e-trilhas-e1524278489660-300x69.jpg 300w, https:\/\/rotasetrilhas.com\/newsite\/wp-content\/uploads\/2017\/08\/passeios-e-trilhas-e1524278489660-768x178.jpg 768w, https:\/\/rotasetrilhas.com\/newsite\/wp-content\/uploads\/2017\/08\/passeios-e-trilhas-e1524278489660.jpg 1062w\" sizes=\"auto, (max-width: 750px) 100vw, 750px\" \/><\/p>\n<p style=\"text-align: left;\" align=\"center\">A Rotas e Trilhas desenvolve in\u00fameros tipos de eventos fora de estrada. As Rotas s\u00e3o roteiros mais voltados a contempla\u00e7\u00e3o, ao aspecto visual, onde o caminho n\u00e3o \u00e9 o importante, mas sim o destino. Alguns exemplos de roteiros:\u00a0<b>Rota dos C\u00e2nions,\u00a0Rota das Tr\u00eas Cachoeiras,\u00a0Rota da Cruzinha,\u00a0Rota do Josafaz,\u00a0Rota da Charqueada,\u00a0Rota da Descoberta,\u00a0Rota da Esta\u00e7\u00e3o Abandonada,\u00a0Rota da Ferrovia,\u00a0Rota da Graciema,\u00a0Rota da Pedra Furada,\u00a0Rota da Serra do Umbu,\u00a0Rota da Solid\u00e3o,\u00a0Rota das Andorinhas,\u00a0Rota das Barragens,\u00a0Rota das Cachoeiras,\u00a0Rota das Encantadas,\u00a0Rota das Guaritas,\u00a0Rota das Lagoas,\u00a0Rota das Miss\u00f5es,\u00a0Rota das Parreiras,\u00a0Rota das Pedras Brancas,\u00a0Rota de Bacopari,\u00a0Rota de Dois Lajeados,\u00a0Rota dos T\u00faneis,\u00a0Rota de Itapu\u00e3,\u00a0Rota do Albard\u00e3o,\u00a0Rota do Amola Faca,\u00a0Rota do Castelo,\u00a0Rota do Lajeado,\u00a0Rota do Paco,\u00a0Rota dos Aparados,\u00a0Rota dos Campos de Cima da Serra,\u00a0Rota dos Far\u00f3is,\u00a0Rota dos Passos, entre outros.<\/b><\/p>\n<p style=\"text-align: left;\" align=\"center\">As trilhas j\u00e1 tem a caracter\u00edstica de ser mais importante o caminho. Alguns exemplos:\u00a0<b>Trilha dos Quatro Passos,\u00a0Trilha de Cambar\u00e1,\u00a0Trilha do Josafaz,\u00a0Trilha do Taylor, Trilha das Nogueiras, Trilha do Jos\u00e9 Velho,\u00a0Trilha do Corredor, Trilha da Fazenda, Trilha das Armadilhas,\u00a0Trilha da Praia Triste,\u00a0Trilha de Cap\u00e3o da Porteira,\u00a0Trilha do Entorno,\u00a0Trilha do X\u00f6kleng,\u00a0Trilha dos P\u00f4neis, entre outros.<\/b><\/p>\n<p style=\"text-align: left;\" align=\"center\">Os Desafios s\u00e3o roteiros onde a proposta \u00e9 colocar os 4&#215;4 no limite, e tamb\u00e9m os pilotos. Exemplos:\u00a0<b>Desafio do Garrafa, Desafio do Jos\u00e9 Velho, Desafio do Canion do Pont\u00e3o, entre outros.<\/b><\/p>\n<p style=\"text-align: left;\" align=\"center\">E as expedi\u00e7\u00f5es s\u00e3o viagens contemplativas de toda a beleza que temos aqui na Am\u00e9rica do Sul, e que somente uma viagem de carro, em especial um 4&#215;4 pode nos levar a conhecer. Algumas das nossas expedi\u00e7\u00f5es:\u00a0<b>Expedi\u00e7\u00e3o Aconc\u00e1gua, Expedi\u00e7\u00e3o Atacama, Expedi\u00e7\u00e3o A\u00e7oriana, Expedi\u00e7\u00e3o das Cachoeiras Gigantes, Expedi\u00e7\u00e3o Canions do Sul, Expedi\u00e7\u00e3o Catamarca, Expedi\u00e7\u00e3o Far\u00f3is do Sul, Expedi\u00e7\u00e3o Misiones, Expedi\u00e7\u00e3o Huacalera, Expedi\u00e7\u00e3o Sosneado, Expedi\u00e7\u00e3o Sierras de Rocha, Expedi\u00e7\u00e3o Termas del Arapey, Expedi\u00e7\u00e3o Fiambala, Expedi\u00e7\u00e3o Volcanes Bajo Cero, Expedi\u00e7\u00e3o Atl\u00e2ntico-Pacifico, Expedi\u00e7\u00e3o Jalap\u00e3o, Expedi\u00e7\u00e3o Quatro Estados, Expedi\u00e7\u00e3o Carretera Austral, Expedi\u00e7\u00e3o Ushuaia, Expedi\u00e7\u00e3o Los Seis Miles, Expedi\u00e7\u00e3o Los 7 Lagos, Expedi\u00e7\u00e3o Volta de Los Volcanes, entre outras.<\/b><\/p>\n","protected":false},"excerpt":{"rendered":"<p>A Rotas e Trilhas desenvolve in\u00fameros tipos de eventos fora de estrada. As Rotas s\u00e3o roteiros mais voltados a contempla\u00e7\u00e3o, ao aspecto visual, onde o caminho n\u00e3o \u00e9 o importante, mas sim o destino. Alguns exemplos de roteiros:\u00a0Rota dos C\u00e2nions,\u00a0Rota das Tr\u00eas Cachoeiras,\u00a0Rota da Cruzinha,\u00a0Rota do Josafaz,\u00a0Rota da Charqueada,\u00a0Rota da Descoberta,\u00a0Rota da Esta\u00e7\u00e3o Abandonada,\u00a0Rota da [&hellip;]<\/p>\n","protected":false},"author":1,"featured_media":0,"parent":0,"menu_order":0,"comment_status":"closed","ping_status":"closed","template":"","meta":{"footnotes":""},"class_list":["post-26","page","type-page","status-publish","hentry"],"_links":{"self":[{"href":"https:\/\/rotasetrilhas.com\/newsite\/wp-json\/wp\/v2\/pages\/26","targetHints":{"allow":["GET"]}}],"collection":[{"href":"https:\/\/rotasetrilhas.com\/newsite\/wp-json\/wp\/v2\/pages"}],"about":[{"href":"https:\/\/rotasetrilhas.com\/newsite\/wp-json\/wp\/v2\/types\/page"}],"author":[{"embeddable":true,"href":"https:\/\/rotasetrilhas.com\/newsite\/wp-json\/wp\/v2\/users\/1"}],"replies":[{"embeddable":true,"href":"https:\/\/rotasetrilhas.com\/newsite\/wp-json\/wp\/v2\/comments?post=26"}],"version-history":[{"count":18,"href":"https:\/\/rotasetrilhas.com\/newsite\/wp-json\/wp\/v2\/pages\/26\/revisions"}],"predecessor-version":[{"id":23102,"href":"https:\/\/rotasetrilhas.com\/newsite\/wp-json\/wp\/v2\/pages\/26\/revisions\/23102"}],"wp:attachment":[{"href":"https:\/\/rotasetrilhas.com\/newsite\/wp-json\/wp\/v2\/media?parent=26"}],"curies":[{"name":"wp","href":"https:\/\/api.w.org\/{rel}","templated":true}]}}