{"id":31,"date":"2017-08-22T23:22:28","date_gmt":"2017-08-22T20:22:28","guid":{"rendered":"http:\/\/rotasetrilhas.com\/newsite\/?page_id=31"},"modified":"2018-04-21T04:05:06","modified_gmt":"2018-04-21T01:05:06","slug":"cursos","status":"publish","type":"page","link":"https:\/\/rotasetrilhas.com\/newsite\/cursos\/","title":{"rendered":"Cursos"},"content":{"rendered":"<p><img loading=\"lazy\" decoding=\"async\" class=\"wp-image-631 size-large aligncenter\" src=\"http:\/\/rotasetrilhas.com\/newsite\/wp-content\/uploads\/2017\/08\/14707925_1284255941616806_1918676847443587333_o-e1524272692924-1024x256.jpg\" alt=\"\" width=\"750\" height=\"188\" srcset=\"https:\/\/rotasetrilhas.com\/newsite\/wp-content\/uploads\/2017\/08\/14707925_1284255941616806_1918676847443587333_o-e1524272692924-1024x256.jpg 1024w, https:\/\/rotasetrilhas.com\/newsite\/wp-content\/uploads\/2017\/08\/14707925_1284255941616806_1918676847443587333_o-e1524272692924-300x75.jpg 300w, https:\/\/rotasetrilhas.com\/newsite\/wp-content\/uploads\/2017\/08\/14707925_1284255941616806_1918676847443587333_o-e1524272692924-768x192.jpg 768w, https:\/\/rotasetrilhas.com\/newsite\/wp-content\/uploads\/2017\/08\/14707925_1284255941616806_1918676847443587333_o-e1524272692924.jpg 1068w\" sizes=\"auto, (max-width: 750px) 100vw, 750px\" \/><\/p>\n<p>A\u00a0<strong>Rotas e Trilhas<\/strong>\u00a0oferece o Curso de Dire\u00e7\u00e3o Fora de Estrada para propriet\u00e1rios de jipes, picapes, SUV\u2019s ou qualquer veiculo 4\u00d74, bem como treinamento empresarial para equipes que precisam de todo o potencial que um veiculo 4\u00d74 pode fornecer.<\/p>\n<p>Surpreenda-se com o que o seu veiculo\u00a0\u00e9 capaz de fazer. Aprenda a dirigir com seguran\u00e7a em diferentes tipos de terreno: terra, pedra, lama, \u00e1gua, areia e muito mais.<\/p>\n<p>O que\u00a0\u00e9 angulo de ataque? Como usar o guincho? Qual o melhor pneu para cada tipo de terreno? O que\u00a0\u00e9 v\u00e3o-livre? O que\u00a0\u00e9 um inclin\u00f4metro? O que fazer para n\u00e2o atolar? E o que fazer se atolar? Como transpor obst\u00e1culos com seguran\u00e7a? Como saber se um obst\u00e1culo\u00a0pode ser\u00a0transpon\u00edvel? Estas e outras perguntas ser\u00e3o respondidas no curso.<\/p>\n<p>Entre em contato agora mesmo para fazer sua inscri\u00e7\u00e3o na pr\u00f3xima turma e comece j\u00e1 a desfrutar de todo o pot\u00eancial de seu ve\u00edculo 4\u00d74 e sinta a emo\u00e7\u00e3o do fora de estrada.<\/p>\n<p>Realizamos tamb\u00e9m turmas fechadas para grupos ou empresas, com cursos personalizados e in company. Entre em contato agora pelo e-mail\u00a0<a href=\"mailto:eventos@rotasetrilhas.com\">eventos@rotasetrilhas.com\u00a0<\/a>\u00a0para solicitar uma proposta personalizada para a sua empresa.<\/p>\n","protected":false},"excerpt":{"rendered":"<p>A\u00a0Rotas e Trilhas\u00a0oferece o Curso de Dire\u00e7\u00e3o Fora de Estrada para propriet\u00e1rios de jipes, picapes, SUV\u2019s ou qualquer veiculo 4\u00d74, bem como treinamento empresarial para equipes que precisam de todo o potencial que um veiculo 4\u00d74 pode fornecer. Surpreenda-se com o que o seu veiculo\u00a0\u00e9 capaz de fazer. Aprenda a dirigir com seguran\u00e7a em diferentes [&hellip;]<\/p>\n","protected":false},"author":1,"featured_media":631,"parent":0,"menu_order":0,"comment_status":"closed","ping_status":"closed","template":"","meta":{"footnotes":""},"class_list":["post-31","page","type-page","status-publish","has-post-thumbnail","hentry"],"_links":{"self":[{"href":"https:\/\/rotasetrilhas.com\/newsite\/wp-json\/wp\/v2\/pages\/31","targetHints":{"allow":["GET"]}}],"collection":[{"href":"https:\/\/rotasetrilhas.com\/newsite\/wp-json\/wp\/v2\/pages"}],"about":[{"href":"https:\/\/rotasetrilhas.com\/newsite\/wp-json\/wp\/v2\/types\/page"}],"author":[{"embeddable":true,"href":"https:\/\/rotasetrilhas.com\/newsite\/wp-json\/wp\/v2\/users\/1"}],"replies":[{"embeddable":true,"href":"https:\/\/rotasetrilhas.com\/newsite\/wp-json\/wp\/v2\/comments?post=31"}],"version-history":[{"count":6,"href":"https:\/\/rotasetrilhas.com\/newsite\/wp-json\/wp\/v2\/pages\/31\/revisions"}],"predecessor-version":[{"id":672,"href":"https:\/\/rotasetrilhas.com\/newsite\/wp-json\/wp\/v2\/pages\/31\/revisions\/672"}],"wp:featuredmedia":[{"embeddable":true,"href":"https:\/\/rotasetrilhas.com\/newsite\/wp-json\/wp\/v2\/media\/631"}],"wp:attachment":[{"href":"https:\/\/rotasetrilhas.com\/newsite\/wp-json\/wp\/v2\/media?parent=31"}],"curies":[{"name":"wp","href":"https:\/\/api.w.org\/{rel}","templated":true}]}}